{"id":118,"date":"2022-12-02T11:00:02","date_gmt":"2022-12-02T19:00:02","guid":{"rendered":"https:\/\/test-inside.ewu.edu\/phikappaphi\/?page_id=118"},"modified":"2024-08-11T21:29:28","modified_gmt":"2024-08-12T04:29:28","slug":"homepage","status":"publish","type":"page","link":"https:\/\/test-inside.ewu.edu\/phikappaphi\/","title":{"rendered":"Homepage"},"content":{"rendered":"<div class=\"gb-container gb-container-53503bf8\"><div class=\"gb-inside-container\">\n<div class=\"gb-grid-wrapper gb-grid-wrapper-cafa6a98\">\n<div class=\"gb-grid-column gb-grid-column-12e8cb76\"><div class=\"gb-container gb-container-12e8cb76\"><div class=\"gb-inside-container\">\n\n<figure class=\"wp-block-image size-full\"><img loading=\"lazy\" decoding=\"async\" width=\"5250\" height=\"1500\" src=\"https:\/\/test-inside.ewu.edu\/phikappaphi\/wp-content\/uploads\/sites\/266\/2020\/01\/Phi-kappa-phi-logo-01.png\" alt=\"PKP Logo\" class=\"wp-image-9\" srcset=\"https:\/\/test-inside.ewu.edu\/phikappaphi\/wp-content\/uploads\/sites\/266\/2020\/01\/Phi-kappa-phi-logo-01.png 5250w, https:\/\/test-inside.ewu.edu\/phikappaphi\/wp-content\/uploads\/sites\/266\/2020\/01\/Phi-kappa-phi-logo-01-300x86.png 300w, https:\/\/test-inside.ewu.edu\/phikappaphi\/wp-content\/uploads\/sites\/266\/2020\/01\/Phi-kappa-phi-logo-01-1024x293.png 1024w, https:\/\/test-inside.ewu.edu\/phikappaphi\/wp-content\/uploads\/sites\/266\/2020\/01\/Phi-kappa-phi-logo-01-768x219.png 768w, https:\/\/test-inside.ewu.edu\/phikappaphi\/wp-content\/uploads\/sites\/266\/2020\/01\/Phi-kappa-phi-logo-01-1536x439.png 1536w, https:\/\/test-inside.ewu.edu\/phikappaphi\/wp-content\/uploads\/sites\/266\/2020\/01\/Phi-kappa-phi-logo-01-2048x585.png 2048w\" sizes=\"(max-width: 5250px) 100vw, 5250px\" \/><\/figure>\n\n<\/div><\/div><\/div>\n<\/div>\n<\/div><\/div>\n\n<div class=\"gb-container gb-container-380d8efb\"><div class=\"gb-inside-container\">\n<div class=\"gb-grid-wrapper gb-grid-wrapper-6f4f9bb7\">\n<div class=\"gb-grid-column gb-grid-column-7f188aec\"><div class=\"gb-container gb-container-7f188aec\"><div class=\"gb-inside-container\">\n\n<figure class=\"wp-block-video\"><video controls src=\"https:\/\/test-inside.ewu.edu\/phikappaphi\/wp-content\/uploads\/sites\/266\/2020\/01\/WhyPhiKappaPhi.mp4\"><\/video><\/figure>\n\n<\/div><\/div><\/div>\n\n<div class=\"gb-grid-column gb-grid-column-448be97a\"><div class=\"gb-container gb-container-448be97a\"><div class=\"gb-inside-container\">\n\n<p>The Honor Society of Phi Kappa Phi is one of the nation&#8217;s oldest, largest, and most selective all-discipline honor societies. The name, Phi Kappa Phi, represents the Greek words forming its motto, Philosoph\u00eda Krate\u00edt\u00f5 Ph\u00f5t\u00f4n.<\/p>\n\n\n\n<p>As a member of the Honor Society of Phi Kappa Phi you will find support for continuing academic excellence and community engagement within the EWU chapter and also through the national organization&#8217;s approximately one million dollars awarded in scholarships each year.<\/p>\n\n<\/div><\/div><\/div>\n<\/div>\n<\/div><\/div>\n\n<div class=\"gb-container gb-container-4b6b7821\"><div class=\"gb-inside-container\">\n<div class=\"gb-container gb-container-2a2e3214\"><div class=\"gb-inside-container\">\n\n<h2 class=\"wp-block-heading\">&#8220;Let the love of learning rule humanity.\u201d<\/h2>\n\n<\/div><\/div>\n\n<div class=\"gb-grid-wrapper gb-grid-wrapper-8bc6621b\">\n<div class=\"gb-grid-column gb-grid-column-6b31f779\"><div class=\"gb-container gb-container-6b31f779\"><div class=\"gb-inside-container\">\n\n<h3 class=\"wp-block-heading has-text-align-center\">How do I get in?<\/h3>\n\n\n\n<p class=\"has-text-align-center\">You will be invited to be apart of The Honor Society of Phi Kappa Phi based on your academic excellence.<\/p>\n\n<\/div><\/div><\/div>\n\n<div class=\"gb-grid-column gb-grid-column-9d9e6011\"><div class=\"gb-container gb-container-9d9e6011\"><div class=\"gb-inside-container\">\n\n<h3 class=\"wp-block-heading has-text-align-center\">Who is invited?<\/h3>\n\n\n\n<p class=\"has-text-align-center\">Students who are in the top 7.5% of their junior class and top 10% of their senior class and first year graduate students will be invited.<\/p>\n\n<\/div><\/div><\/div>\n\n<div class=\"gb-grid-column gb-grid-column-016a978e\"><div class=\"gb-container gb-container-016a978e\"><div class=\"gb-inside-container\">\n\n<h3 class=\"wp-block-heading has-text-align-center\">When will I know?<\/h3>\n\n\n\n<p class=\"has-text-align-center\">Eastern Students who are eligible to join The Society are notified during each winter quarter.<\/p>\n\n<\/div><\/div><\/div>\n<\/div>\n<\/div><\/div>\n\n<div class=\"gb-container gb-container-6a0cdfe2\"><div class=\"gb-inside-container\">\n<div class=\"gb-grid-wrapper gb-grid-wrapper-191acad3\">\n<div class=\"gb-grid-column gb-grid-column-940edc93\"><div class=\"gb-container gb-container-940edc93\"><div class=\"gb-inside-container\">\n\n<figure class=\"wp-block-image size-large\"><img loading=\"lazy\" decoding=\"async\" width=\"1024\" height=\"683\" src=\"https:\/\/test-inside.ewu.edu\/phikappaphi\/wp-content\/uploads\/sites\/266\/2020\/01\/pkp_graduates_32-1024x683.jpg\" alt=\"\" class=\"wp-image-11\" srcset=\"https:\/\/test-inside.ewu.edu\/phikappaphi\/wp-content\/uploads\/sites\/266\/2020\/01\/pkp_graduates_32-1024x683.jpg 1024w, https:\/\/test-inside.ewu.edu\/phikappaphi\/wp-content\/uploads\/sites\/266\/2020\/01\/pkp_graduates_32-300x200.jpg 300w, https:\/\/test-inside.ewu.edu\/phikappaphi\/wp-content\/uploads\/sites\/266\/2020\/01\/pkp_graduates_32-768x512.jpg 768w, https:\/\/test-inside.ewu.edu\/phikappaphi\/wp-content\/uploads\/sites\/266\/2020\/01\/pkp_graduates_32-1536x1024.jpg 1536w, https:\/\/test-inside.ewu.edu\/phikappaphi\/wp-content\/uploads\/sites\/266\/2020\/01\/pkp_graduates_32-2048x1365.jpg 2048w\" sizes=\"(max-width: 1024px) 100vw, 1024px\" \/><\/figure>\n\n<\/div><\/div><\/div>\n\n<div class=\"gb-grid-column gb-grid-column-6655cc06\"><div class=\"gb-container gb-container-6655cc06\"><div class=\"gb-inside-container\">\n\n<h2 class=\"wp-block-heading\">How Do We Help?<\/h2>\n\n\n\n<p>Phi Kappa Phi awards nearly $1 million each year to qualifying students and members through study abroad grants, graduate fellowships, funding for post-baccalaureate development, member and chapter awards, and grants for local, national and international literacy initiatives.<\/p>\n\n<\/div><\/div><\/div>\n<\/div>\n<\/div><\/div>\n\n<div class=\"gb-container gb-container-d1c10956\"><div class=\"gb-inside-container\">\n<div class=\"gb-container gb-container-aea0a54b\"><div class=\"gb-inside-container\">\n\n<h2 class=\"wp-block-heading\">Learn More<\/h2>\n\n<\/div><\/div>\n\n<div class=\"gb-grid-wrapper gb-grid-wrapper-9b4e8489\">\n<div class=\"gb-grid-column gb-grid-column-02ecc36d\"><div class=\"gb-container gb-container-02ecc36d\"><div class=\"gb-inside-container\">\n\n<h3 class=\"wp-block-heading has-text-align-center\">Who is Initiated?<\/h3>\n\n\n\n<p class=\"has-text-align-center\">Approximately 30,000 students, faculty, professional staff and alumni are initiated into the Society each year.<\/p>\n\n<\/div><\/div><\/div>\n\n<div class=\"gb-grid-column gb-grid-column-c80a4f52\"><div class=\"gb-container gb-container-c80a4f52\"><div class=\"gb-inside-container\">\n\n<h3 class=\"wp-block-heading has-text-align-center\">Opportunities<\/h3>\n\n\n\n<p class=\"has-text-align-center\">The Society is more than just a line on a resume. Experience the amazing networking opportunities that come with joining.<\/p>\n\n<\/div><\/div><\/div>\n\n<div class=\"gb-grid-column gb-grid-column-9138e3db\"><div class=\"gb-container gb-container-9138e3db\"><div class=\"gb-inside-container\">\n\n<h3 class=\"wp-block-heading has-text-align-center\">Advantages<\/h3>\n\n\n\n<p class=\"has-text-align-center\">Receive discounts from over 25 partners, including AT&amp;T, Dell, GEICO, and take advantage of career and internship resources.<\/p>\n\n<\/div><\/div><\/div>\n<\/div>\n<\/div><\/div>\n\n<div class=\"gb-container gb-container-603aa008\"><div class=\"gb-inside-container\">\n\n<h2 class=\"wp-block-heading\">More Sources<\/h2>\n\n\n\n<ul class=\"wp-block-list\">\n<li><a href=\"https:\/\/test-inside.ewu.edu\/honors\/\">EWU Honors<\/a><\/li>\n\n\n\n<li><a href=\"https:\/\/www.phikappaphi.org\/\">Phi Kappa Phi Website<\/a><\/li>\n<\/ul>\n\n<\/div><\/div>","protected":false},"excerpt":{"rendered":"<p>&#8220;Let the love of learning rule humanity.\u201d Learn More More Sources<\/p>\n","protected":false},"author":87567,"featured_media":0,"parent":0,"menu_order":0,"comment_status":"closed","ping_status":"closed","template":"","meta":{"wpo365_audiences":[],"wpo365_private":false,"footnotes":""},"class_list":["post-118","page","type-page","status-publish"],"_links":{"self":[{"href":"https:\/\/test-inside.ewu.edu\/phikappaphi\/wp-json\/wp\/v2\/pages\/118"}],"collection":[{"href":"https:\/\/test-inside.ewu.edu\/phikappaphi\/wp-json\/wp\/v2\/pages"}],"about":[{"href":"https:\/\/test-inside.ewu.edu\/phikappaphi\/wp-json\/wp\/v2\/types\/page"}],"author":[{"embeddable":true,"href":"https:\/\/test-inside.ewu.edu\/phikappaphi\/wp-json\/wp\/v2\/users\/87567"}],"replies":[{"embeddable":true,"href":"https:\/\/test-inside.ewu.edu\/phikappaphi\/wp-json\/wp\/v2\/comments?post=118"}],"version-history":[{"count":25,"href":"https:\/\/test-inside.ewu.edu\/phikappaphi\/wp-json\/wp\/v2\/pages\/118\/revisions"}],"predecessor-version":[{"id":35422,"href":"https:\/\/test-inside.ewu.edu\/phikappaphi\/wp-json\/wp\/v2\/pages\/118\/revisions\/35422"}],"wp:attachment":[{"href":"https:\/\/test-inside.ewu.edu\/phikappaphi\/wp-json\/wp\/v2\/media?parent=118"}],"curies":[{"name":"wp","href":"https:\/\/api.w.org\/{rel}","templated":true}]}}